{"id":3293,"date":"2023-05-08T18:39:06","date_gmt":"2023-05-08T16:39:06","guid":{"rendered":"https:\/\/asostockerau.ac.at\/wordpress\/?page_id=3293"},"modified":"2023-05-10T12:45:23","modified_gmt":"2023-05-10T10:45:23","slug":"danke-2","status":"publish","type":"page","link":"https:\/\/asostockerau.ac.at\/wordpress\/?page_id=3293","title":{"rendered":"Danke!"},"content":{"rendered":"<p><img loading=\"lazy\" decoding=\"async\" class=\"wp-image-2584 aligncenter\" src=\"https:\/\/asostockerau.ac.at\/wordpress\/wp-content\/uploads\/2021\/11\/Oesterreichische-Schulsporthilfe.jpg\" alt=\"\" width=\"335\" height=\"192\" srcset=\"https:\/\/asostockerau.ac.at\/wordpress\/wp-content\/uploads\/2021\/11\/Oesterreichische-Schulsporthilfe.jpg 856w, https:\/\/asostockerau.ac.at\/wordpress\/wp-content\/uploads\/2021\/11\/Oesterreichische-Schulsporthilfe-768x440.jpg 768w\" sizes=\"auto, (max-width: 335px) 100vw, 335px\" \/><\/p>\n<p>Wir bedanken uns bei der \u00f6sterreichischen Schulsporthilfe f\u00fcr die Sponsoringaktion zugunsten unserer Schule und bei allen Sponsoren aus der Region, die auf diese Weise die ASO Stockerau unterst\u00fctzen. Mit der Sponsoringaktion werden Materialien f\u00fcr Sport, Spiel und Bewegung finanziert, im Besonderen aber unsere von den Sch\u00fclerInnen hoch gesch\u00e4tzten Therapiehund-Einheiten &#x1f60a;. Vielen Dank!<\/p>\nngg_shortcode_0_placeholder\n<p>Listen der Sponsoren:<\/p>\n<p><a href=\"https:\/\/asostockerau.ac.at\/wordpress\/wp-content\/uploads\/2023\/05\/20003374-spz-stockerau-2-22.pdf\">Liste 1<\/a><\/p>\n<p><a href=\"https:\/\/asostockerau.ac.at\/wordpress\/wp-content\/uploads\/2023\/05\/20003374-spz-stockerau-1-22.pdf\">Liste 2<\/a><\/p>\n<p>Ebenso m\u00f6chten wir uns bei allen F\u00f6rderern unserer Schule bedanken, die uns \u00fcber unseren Verein \u201eFreunde der ASO Stockerau\u201c unterst\u00fctzen!<\/p>\n<p><img loading=\"lazy\" decoding=\"async\" class=\"wp-image-2593 aligncenter\" src=\"https:\/\/asostockerau.ac.at\/wordpress\/wp-content\/uploads\/2021\/11\/2021_Dankebild_DLB_02.jpg\" alt=\"\" width=\"285\" height=\"152\"><\/p>\n","protected":false},"excerpt":{"rendered":"<p>Wir bedanken uns bei der \u00f6sterreichischen Schulsporthilfe f\u00fcr die Sponsoringaktion zugunsten unserer Schule und bei allen Sponsoren aus der Region, die auf diese Weise die ASO Stockerau unterst\u00fctzen. Mit der Sponsoringaktion werden Materialien f\u00fcr Sport, Spiel und Bewegung finanziert, im Besonderen aber unsere von den Sch\u00fclerInnen hoch gesch\u00e4tzten Therapiehund-Einheiten &#x1f60a;. Vielen Dank! &nbsp;&nbsp;&nbsp;&nbsp;&nbsp;&nbsp;&nbsp;&nbsp;&nbsp; &nbsp; &nbsp;&nbsp; &hellip; <a href=\"https:\/\/asostockerau.ac.at\/wordpress\/?page_id=3293\" class=\"more-link\"><span class=\"screen-reader-text\">Danke!<\/span> weiterlesen <span class=\"meta-nav\">&rarr;<\/span><\/a><\/p>\n","protected":false},"author":5,"featured_media":0,"parent":0,"menu_order":0,"comment_status":"closed","ping_status":"closed","template":"","meta":{"ngg_post_thumbnail":0,"footnotes":""},"class_list":["post-3293","page","type-page","status-publish","hentry"],"_links":{"self":[{"href":"https:\/\/asostockerau.ac.at\/wordpress\/index.php?rest_route=\/wp\/v2\/pages\/3293","targetHints":{"allow":["GET"]}}],"collection":[{"href":"https:\/\/asostockerau.ac.at\/wordpress\/index.php?rest_route=\/wp\/v2\/pages"}],"about":[{"href":"https:\/\/asostockerau.ac.at\/wordpress\/index.php?rest_route=\/wp\/v2\/types\/page"}],"author":[{"embeddable":true,"href":"https:\/\/asostockerau.ac.at\/wordpress\/index.php?rest_route=\/wp\/v2\/users\/5"}],"replies":[{"embeddable":true,"href":"https:\/\/asostockerau.ac.at\/wordpress\/index.php?rest_route=%2Fwp%2Fv2%2Fcomments&post=3293"}],"version-history":[{"count":6,"href":"https:\/\/asostockerau.ac.at\/wordpress\/index.php?rest_route=\/wp\/v2\/pages\/3293\/revisions"}],"predecessor-version":[{"id":3319,"href":"https:\/\/asostockerau.ac.at\/wordpress\/index.php?rest_route=\/wp\/v2\/pages\/3293\/revisions\/3319"}],"wp:attachment":[{"href":"https:\/\/asostockerau.ac.at\/wordpress\/index.php?rest_route=%2Fwp%2Fv2%2Fmedia&parent=3293"}],"curies":[{"name":"wp","href":"https:\/\/api.w.org\/{rel}","templated":true}]}}