{"id":2441,"date":"2021-09-21T19:20:09","date_gmt":"2021-09-21T17:20:09","guid":{"rendered":"https:\/\/asostockerau.ac.at\/wordpress\/?page_id=2441"},"modified":"2021-09-23T13:58:02","modified_gmt":"2021-09-23T11:58:02","slug":"herbstausfluege","status":"publish","type":"page","link":"https:\/\/asostockerau.ac.at\/wordpress\/?page_id=2441","title":{"rendered":"Herbstausfl\u00fcge"},"content":{"rendered":"<p><span style=\"font-family: verdana, geneva, sans-serif; color: #000000;\">Besuche in der Waldschule<\/span><\/p>\n<p><span style=\"font-family: verdana, geneva, sans-serif; color: #000000;\">In diesem Schuljahr stehen wieder vermehrt Besuche in der Stockerauer Au auf dem Programm. Die vielen Waldwege, die Waldschule selbst mit dem gro\u00dfartigen Garten, die Tierwelt im Donauarm, die wunderbare Botanik, all das ist f\u00fcr die Kinder immer wieder eine besondere M\u00f6glichkeit des Lernens. Die Au ist voller Leben und dennoch so still.&nbsp; W\u00e4hrend unserer Besuche lernen wir wieder, die Jahreszeiten in ihrer jeweiligen Vielfalt zu erleben, die Natur wertzusch\u00e4tzen und respektvoll zu behandeln. Gerne g\u00f6nnen wir unseren Kindern diese kurze Auszeit aus dem L\u00e4rm des Alltags. Es ist sch\u00f6n zu beobachten, dass sie danach wieder motiviert und arbeitsfreudig in die Schule zur\u00fcckkehren.<\/span><\/p>\n<p><img loading=\"lazy\" decoding=\"async\" class=\"alignnone wp-image-2444\" src=\"https:\/\/asostockerau.ac.at\/wordpress\/wp-content\/uploads\/2021\/09\/Au.jpg\" alt=\"\" width=\"247\" height=\"185\"> &nbsp; &nbsp; &nbsp; &nbsp; &nbsp; &nbsp; &nbsp; <img loading=\"lazy\" decoding=\"async\" class=\"wp-image-2445 alignnone\" src=\"https:\/\/asostockerau.ac.at\/wordpress\/wp-content\/uploads\/2021\/09\/Au1.jpg\" alt=\"\" width=\"242\" height=\"182\"> <img loading=\"lazy\" decoding=\"async\" class=\"alignnone wp-image-2450\" src=\"https:\/\/asostockerau.ac.at\/wordpress\/wp-content\/uploads\/2021\/09\/Au6.jpg\" alt=\"\" width=\"169\" height=\"180\"> &nbsp;&nbsp; <img loading=\"lazy\" decoding=\"async\" class=\"alignnone wp-image-2449\" src=\"https:\/\/asostockerau.ac.at\/wordpress\/wp-content\/uploads\/2021\/09\/Au5.jpg\" alt=\"\" width=\"379\" height=\"216\">&nbsp; <img loading=\"lazy\" decoding=\"async\" class=\"alignnone wp-image-2451\" src=\"https:\/\/asostockerau.ac.at\/wordpress\/wp-content\/uploads\/2021\/09\/Au7.jpg\" alt=\"\" width=\"151\" height=\"246\"> &nbsp; &nbsp; &nbsp; &nbsp; <img loading=\"lazy\" decoding=\"async\" class=\"alignnone wp-image-2452\" src=\"https:\/\/asostockerau.ac.at\/wordpress\/wp-content\/uploads\/2021\/09\/Au8.jpg\" alt=\"\" width=\"153\" height=\"251\"> &nbsp;&nbsp;&nbsp;&nbsp;&nbsp;&nbsp; <img loading=\"lazy\" decoding=\"async\" class=\"alignnone wp-image-2453\" src=\"https:\/\/asostockerau.ac.at\/wordpress\/wp-content\/uploads\/2021\/09\/Au9.jpg\" alt=\"\" width=\"167\" height=\"256\"><\/p>\n<p><img loading=\"lazy\" decoding=\"async\" class=\"wp-image-2446 aligncenter\" src=\"https:\/\/asostockerau.ac.at\/wordpress\/wp-content\/uploads\/2021\/09\/Au3.jpg\" alt=\"\" width=\"329\" height=\"160\"><\/p>\n<p>&nbsp;<\/p>\n","protected":false},"excerpt":{"rendered":"<p>Besuche in der Waldschule In diesem Schuljahr stehen wieder vermehrt Besuche in der Stockerauer Au auf dem Programm. Die vielen Waldwege, die Waldschule selbst mit dem gro\u00dfartigen Garten, die Tierwelt im Donauarm, die wunderbare Botanik, all das ist f\u00fcr die Kinder immer wieder eine besondere M\u00f6glichkeit des Lernens. Die Au ist voller Leben und dennoch &hellip; <a href=\"https:\/\/asostockerau.ac.at\/wordpress\/?page_id=2441\" class=\"more-link\"><span class=\"screen-reader-text\">Herbstausfl\u00fcge<\/span> weiterlesen <span class=\"meta-nav\">&rarr;<\/span><\/a><\/p>\n","protected":false},"author":5,"featured_media":0,"parent":0,"menu_order":0,"comment_status":"closed","ping_status":"closed","template":"","meta":{"ngg_post_thumbnail":0,"footnotes":""},"class_list":["post-2441","page","type-page","status-publish","hentry"],"_links":{"self":[{"href":"https:\/\/asostockerau.ac.at\/wordpress\/index.php?rest_route=\/wp\/v2\/pages\/2441","targetHints":{"allow":["GET"]}}],"collection":[{"href":"https:\/\/asostockerau.ac.at\/wordpress\/index.php?rest_route=\/wp\/v2\/pages"}],"about":[{"href":"https:\/\/asostockerau.ac.at\/wordpress\/index.php?rest_route=\/wp\/v2\/types\/page"}],"author":[{"embeddable":true,"href":"https:\/\/asostockerau.ac.at\/wordpress\/index.php?rest_route=\/wp\/v2\/users\/5"}],"replies":[{"embeddable":true,"href":"https:\/\/asostockerau.ac.at\/wordpress\/index.php?rest_route=%2Fwp%2Fv2%2Fcomments&post=2441"}],"version-history":[{"count":4,"href":"https:\/\/asostockerau.ac.at\/wordpress\/index.php?rest_route=\/wp\/v2\/pages\/2441\/revisions"}],"predecessor-version":[{"id":2458,"href":"https:\/\/asostockerau.ac.at\/wordpress\/index.php?rest_route=\/wp\/v2\/pages\/2441\/revisions\/2458"}],"wp:attachment":[{"href":"https:\/\/asostockerau.ac.at\/wordpress\/index.php?rest_route=%2Fwp%2Fv2%2Fmedia&parent=2441"}],"curies":[{"name":"wp","href":"https:\/\/api.w.org\/{rel}","templated":true}]}}